{"id":106,"date":"2020-11-15T21:51:20","date_gmt":"2020-11-15T20:51:20","guid":{"rendered":"https:\/\/guandalinitrasporti.it\/?page_id=106"},"modified":"2025-04-16T14:24:58","modified_gmt":"2025-04-16T14:24:58","slug":"cookie-policy","status":"publish","type":"page","link":"https:\/\/guandalinitrasporti.it\/?page_id=106","title":{"rendered":"Cookie Policy"},"content":{"rendered":"\t\t<div data-elementor-type=\"wp-page\" data-elementor-id=\"106\" class=\"elementor elementor-106\" data-elementor-post-type=\"page\">\n\t\t\t\t\t\t<section class=\"elementor-section elementor-top-section elementor-element elementor-element-3550131 elementor-section-boxed elementor-section-height-default elementor-section-height-default\" data-id=\"3550131\" data-element_type=\"section\" data-e-type=\"section\">\n\t\t\t\t\t\t<div class=\"elementor-container elementor-column-gap-default\">\n\t\t\t\t\t<div class=\"elementor-column elementor-col-100 elementor-top-column elementor-element elementor-element-c32bb63\" data-id=\"c32bb63\" data-element_type=\"column\" data-e-type=\"column\">\n\t\t\t<div class=\"elementor-widget-wrap elementor-element-populated\">\n\t\t\t\t\t\t<div class=\"elementor-element elementor-element-9083c49 de_scroll_animation_no elementor-widget elementor-widget-shortcode\" data-id=\"9083c49\" data-element_type=\"widget\" data-e-type=\"widget\" data-widget_type=\"shortcode.default\">\n\t\t\t\t<div class=\"elementor-widget-container\">\n\t\t\t\t\t\t\t<div class=\"elementor-shortcode\"><!--googleoff: all-->\n\n<p><strong>Informativa sull\u2019utilizzo di Cookie, e tecnologie similari di tracciamento<\/strong><br>\n<span class=\"map_last_policy_revision_date\">Ultima revisione: Maggio 2, 2025<\/span><\/p>\n\n\n\n\n\n<p><strong>1. Premessa e riferimenti normativi<\/strong><br>\nQuesta informativa illustra le principali informazioni relative al trattamento dei dati personali e all\u2019utilizzo di cookie all\u2019interno di questo sito.<br>\nL\u2019informativa si rivolge a chiunque acceda o utilizzi questo sito, descrivendo le modalit\u00e0 di raccolta, utilizzo e tutela dei dati personali dell\u2019utente che possono avvenire tramite la tecnologia dei cookie e similari, nonch\u00e9 i diritti riconosciuti dalla legge.<br>\nLe presenti disposizioni non riguardano altri siti, pagine o servizi online accessibili tramite collegamenti esterni eventualmente presenti sul sito, rispetto ai quali si invita a consultare le relative informative privacy.<br>\nQuesta informativa viene fornita in osservanza delle principali normative nazionali e internazionali in materia di protezione dei dati personali, tra cui:\n<\/p>\n<ul>\n<li class=\"map_gdpr_text\">Regolamento (UE) 2016\/679 (GDPR)<\/li>\n\n\n\n\n\n\n\n\n\n\n\n\n\n\n\n\n\n\n\n\n\n\n\n\n<li>Altre normative eventualmente applicabili.<\/li>\n<\/ul>\n\n\n\n\n<p><strong>2. Chi gestisce i tuoi dati e come puoi contattarci?<\/strong><br>\nI tuoi dati personali sono trattati da:<br>\n<span class=\"map_identity_name\">Guandalini Gianni &amp; Co.<br><\/span>\n<span class=\"map_identity_address\">Via Edmondo De Amicis 83, 46024 Moglia Mantova<br><\/span>\n<span class=\"map_identity_email\">guandalinitrasporti@gmail.com<br><\/span>\n<span class=\"map_identity_vat_id\">Partita IVA: 01925310201<\/span><\/p>\n\n\n\n<p class=\"map_dpo_text_unset\">Per ogni informazione relativa al trattamento dei dati personali o per esercitare i propri diritti previsti dalla normativa, gli interessati possono contattare il Titolare.<\/p>\n\n\n\n\n\n<p><strong>3. Quali dati raccogliamo quando visiti il sito?<\/strong><br>\nQuando navighi su questo sito, potremmo raccogliere alcune informazioni tramite cookie, strumenti affini e tecnologie di tracciamento. Le principali tipologie di dati che possono essere registrate includono:<\/p>\n<ul>\n<li><strong>Informazioni tecniche e di navigazione:<\/strong> indirizzo IP, identificatori del dispositivo in uso, informazioni sul browser e sul sistema operativo, data e ora degli accessi, pagine visitate, comandi tecnici necessari alla corretta visualizzazione dei contenuti, errori di sistema.<\/li>\n<li><strong>Preferenze utente:<\/strong> scelte effettuate in relazione ai cookie e alle impostazioni sulla privacy, raccolte tramite pannelli, banner o strumenti analoghi.<\/li>\n<li><strong>Dati aggregati e statistiche anonime:<\/strong> informazioni utilizzate per valutare e migliorare il funzionamento del sito, ad esempio frequenza delle visite o aree pi\u00f9 consultate.<\/li>\n<li><strong>Interazioni con servizi esterni o social network:<\/strong> dati tecnici condivisi quando interagisci con plugin dei social, servizi esterni o strumenti di terze parti eventualmente integrati nel sito, sempre secondo le regole dei gestori coinvolti.<\/li>\n<\/ul>\n<p>\nPer dettagli sul trattamento dei dati comunicati tramite moduli di contatto, richieste di servizi o altre funzionalit\u00e0, ti invitiamo a consultare la nostra Privacy Policy.<\/p>\n\n\n\n\n<p><strong>4. Quali tipi di cookie (e simili) esistono?<\/strong><br>\nPer fornirti un\u2019esperienza di navigazione migliore, possiamo adottare diverse categorie di cookie e tecnologie simili( web beacon, local storage e tecnologie equivalenti):\n<\/p>\n<ul>\n<li><strong>Cookie strettamente necessari:<\/strong> fondamentali per il funzionamento tecnico del sito, consentono ad esempio di accedere alle aree protette, gestire la sessione o ricordare preferenze indispensabili.<\/li>\n<li><strong>Cookie per preferenze e personalizzazione:<\/strong> servono a memorizzare le scelte di visualizzazione, come lingua, dimensione del testo o modalit\u00e0 di consultazione, per offrirti un\u2019interazione pi\u00f9 vicina ai tuoi gusti.<\/li>\n<li><strong>Cookie analitici e di performance:<\/strong> ci aiutano a comprendere meglio come le persone utilizzano il sito, raccogliendo dati in forma anonimizzata e aggregata su traffico, pagine pi\u00f9 visitate, tempi di visita e funzionalit\u00e0 pi\u00f9 apprezzate.<\/li>\n<li><strong>Cookie per attivit\u00e0 promozionali o pubblicitarie:<\/strong> utilizzati per proporre contenuti commerciali personalizzati e monitorare l\u2019efficacia delle campagne pubblicitarie.<\/li>\n<li><strong>Componenti e servizi esterni:<\/strong> interagendo con plugin social, strumenti di analytics o piattaforme terze, potrebbero essere installati cookie o sistemi assimilabili gestiti direttamente da soggetti esterni.<\/li>\n<\/ul>\n\n\n\n\n<p><strong>5.  Come puoi dare o negare il consenso all\u2019uso dei cookie?<\/strong><br>\n<strong class=\"map_any_gdpr_like_text\">A. Giurisdizioni <span class=\"map_gdpr_text\">UE\/<\/span>&amp; paesi con GDPR-like:<\/strong><\/p>\n<ul class=\"map_any_gdpr_like_text\">\n<li>L\u2019uso di cookie e tecnologie analoghe non strettamente necessari richiede il <strong>consenso preventivo<\/strong>, libero e specifico dell\u2019utente, che viene raccolto attraverso apposito cookie banner.<\/li>\n<li>L\u2019utente pu\u00f2 gestire e modificare in ogni momento le proprie preferenze, revocare il consenso accordato ed accedere alla funzione \u201cGestisci preferenze cookie\u201d.<\/li>\n<\/ul>\n\n<ul>\n<li>\nL\u2019utente ha diritto di opt-out dalla raccolta, dalla vendita e dalla condivisione dei dati personali a terzi per finalit\u00e0 di marketing, pubblicit\u00e0 comportamentale e profilazione.\n<\/li>\n<\/ul>\n<p><strong>C. Dettagli operativi:<\/strong><br>\nAl primo accesso al sito, viene visualizzato un banner che consente di gestire le preferenze relative ai cookie e agli strumenti di tracciamento.<br>\nAttraverso il banner, l\u2019utente pu\u00f2 scegliere se:\n<\/p>\n<ul>\n<li><strong>Accettare tutti i cookie:<\/strong> cliccando sull\u2019apposito pulsante tutti i cookie non essenziali verranno attivati.<\/li>\n<li><strong>Personalizzare le impostazioni:<\/strong> \u00e8 possibile selezionare in modo dettagliato quali cookie autorizzare e quali mantenere disattivati.<\/li>\n<li><strong>Rifiutare i cookie facoltativi:<\/strong> premendo il pulsante di rifiuto o chiudendo il banner senza fornire consenso, verranno attivati esclusivamente i cookie tecnici necessari al funzionamento del sito.<\/li>\n<\/ul>\n<p>\nLe preferenze espresse tramite il banner vengono conservate per un periodo di 180 giorni tramite un cookie tecnico. In caso di accesso da un dispositivo o un browser differente, sar\u00e0 necessario riconfigurare le proprie preferenze.<br>\nL\u2019utente ha comunque la possibilit\u00e0, in ogni momento, di modificare le scelte effettuate accedendo all\u2019apposita funzionalit\u00e0, identificabile dall\u2019icona o dal link dedicato alla gestione del consenso.\n<\/p>\n\n\n\n\n<p><strong>6. Su quali basi giuridiche trattiamo i dati raccolti tramite cookie e tecnologie affini?<\/strong><br>\nIl trattamento dei dati raccolti attraverso cookie e strumenti di tracciamento si fonda su diverse basi giuridiche, che variano secondo la tipologia dello strumento e la normativa applicabile:<\/p>\n<ol style=\"list-style-type: lower-alpha\" type=\"A\">\n<li><strong>Esecuzione di un servizio o attivit\u00e0 precontrattuale<\/strong> richiesta dall'utente tramite i moduli di contatto forniti<\/li>\n<li><strong>Adempimento a obblighi di legge, regolamenti o normative<\/strong><\/li>\n\n<\/ol>\n<p>Una ulteriore base giuridica, il <strong>legittimo interesse del Titolare<\/strong>, pu\u00f2 venire utilizzata per specifiche finalit\u00e0 (ad es. garantire la sicurezza informatica, prevenire le frodi, tutelare i diritti del Titolare in sede giudiziaria).<\/p>\n\n\n\n\n<p>Rifiutare o revocare il consenso all\u2019uso di determinati cookie pu\u00f2 limitare l\u2019accesso ad alcune funzionalit\u00e0 personalizzate del sito.<\/p>\n\n\n\n\n\n<p><strong>7. Come vengono protetti i tuoi dati?<\/strong><br>\nI dati personali raccolti tramite questo sito sono trattati prevalentemente con strumenti elettronici e digitali secondo principi di liceit\u00e0, correttezza, minimizzazione dei dati, integrit\u00e0 e riservatezza.<\/p>\n\n\n\n\n\n\n<p><strong>8. Dove possono essere trasferiti i tuoi dati?<\/strong><br>\nI dati personali raccolti tramite questo sito possono essere trattati e trasferiti \u2014 secondo le finalit\u00e0 indicate \u2014 verso i seguenti paesi:<br>\n<ul>\n<li>verso Paesi appartenenti allo Spazio Economico Europeo (SEE), alla Svizzera o ad altri Paesi riconosciuti dalle autorit\u00e0 competenti come \u201cadeguati\u201d al livello di tutela previsto dalla legge;\n<\/li>\n\n<\/ul>\n\n\n<p><strong>Lista aggiornata dei Paesi &quot;affidabili&quot;<\/strong>:<\/p>\n<ul>\n<li><a href=\"https:\/\/ec.europa.eu\/info\/law\/law-topic\/data-protection\/international-dimension-data-protection\/adequacy-decisions_en\">UE<\/a><\/li>\n<li><a href=\"https:\/\/www.edoeb.admin.ch\/en\/adequacy\">Svizzera<\/a><\/li>\n<\/ul>\n\n\n\n<p><strong>9. Chi pu\u00f2 ricevere i tuoi dati?<\/strong><br>\nPossono accedere ai dati personali raccolti tramite cookie, strumenti di tracciamento e tecnologie simili:<\/p>\n<ul>\n<li>il personale autorizzato espressamente dal titolare e appositamente formato;<\/li>\n<li>societ\u00e0 o consulenti che ci forniscono supporto tecnico, sicurezza, manutenzione o servizi di analisi, designati come Responsabili del Trattamento;<\/li>\n<li>fornitori di piattaforme esterne, software o servizi di terze parti, sempre e solo entro i limiti delle finalit\u00e0 dichiarate e del consenso eventualmente fornito.<\/li>\n<\/ul>\n<p>L\u2019elenco dettagliato e aggiornato dei nostri fornitori di servizi \u00e8 disponibile su richiesta.<\/p>\n\n\n\n\n<p><strong>10. Elenco dettagliato dei cookie<\/strong><\/p>\n<p><b>Widget Video YouTube<\/b><br><p>YouTube &egrave; un servizio di visualizzazione di contenuti video gestito da Google Ireland Limited e permette a questo Sito Web di integrare tali contenuti all&rsquo;interno delle proprie pagine.<br>Questo widget &egrave; impostato in modo che YouTube non salvi informazioni e cookie inerenti agli Utenti su questo Sito Web, a meno che non riproducano il video.<\/p><p>Luogo del trattamento: Irlanda - <a target=\"_blank\" href=\"https:\/\/policies.google.com\/privacy\">Privacy Policy<\/a><\/p><\/p><p><b>Google Maps widget<\/b><br><p>Google Maps \u00e8 un servizio di visualizzazione di mappe gestito da Google Ireland Limited. Questo servizio serve ad integrare tali contenuti all'interno delle proprie pagine.\u00a0<\/p><p>&nbsp;<\/p><p>Luogo del trattamento: Irlanda - <a href=\"https:\/\/policies.google.com\/privacy\" target=\"_blank\" rel=\"noopener\">Privacy Policy<\/a><\/p><\/p>\n\n\n\n\n<p><strong>11. Per quanto tempo conserviamo i dati e le tue preferenze?<\/strong><\/p>\n<p>Le preferenze espresse sull\u2019uso dei cookie e delle tecnologie di tracciamento tramite il banner o la piattaforma di gestione dei consensi sono conservate per un periodo di 180 giorni.<\/p>\n<p>Per la conservazione, durata e modalit\u00e0 di cancellazione dei dati diversi da quelle menzionate, puoi consultare le specifiche disposizioni previste nella Personal Data Policy presente su questo sito<\/p>\n\n\n\n\n<p><strong>12. Quali sono i tuoi diritti rispetto ai dati raccolti?<\/strong><br>\nL\u2019utente, in base alla normativa applicabile, ha il diritto di:<\/p>\n<ul>\n<li>Chiedere la rettifica, l\u2019aggiornamento o la cancellazione dei dati inesatti o non pi\u00f9 necessari (diritto di rettifica e cancellazione).<\/li>\n<li>Ottenere conferma se dati personali che lo riguardano siano o meno in corso di trattamento e, in caso affermativo, di ottenere l\u2019accesso a tali dati e alle relative informazioni (diritto di accesso).<\/li>\n<li>Richiedere la portabilit\u00e0 dei dati in formato strutturato e interoperabile (ove tecnicamente possibile).<\/li>\n<li>Richiedere la limitazione o opporsi al trattamento dei dati, anche per finalit\u00e0 promozionali\/di profilazione, ove previsti.<\/li>\n<li class=\"map_any_gdpr_like_text\">Revocare il consenso prestato all\u2019uso di cookie non tecnici, al trattamento dei dati raccolti tramite strumenti di tracciamento.<\/li>\n\n<li>Segnalare eventuali irregolarit\u00e0 o abusi alle autorit\u00e0 di controllo competenti.<\/li>\n<\/ul>\n\n\n\n<p>Per esercitare tali diritti, \u00e8 sufficiente inviare una richiesta ai recapiti del Titolare, che risponder\u00e0 nelle tempistiche previste dal regolamento locale applicabile.<\/p>\n\n\n\n\n<p><strong>Eliminare i cookie<\/strong><\/p>\n<p>\n  Ogni browser mette a disposizione procedure diverse per impedire l\u2019uso dei cookie o rimuoverli.\n  Puoi intervenire dalle impostazioni del tuo programma di navigazione per bloccarli e\/o cancellarli.\n  Di seguito trovi i riferimenti alle guide ufficiali dei principali browser su come gestire ed eliminare i cookie:\n<\/p>\n<ul>\n  <li><a href=\"https:\/\/support.google.com\/accounts\/answer\/32050\">istruzioni per Google Chrome<\/a><\/li>\n  <li><a href=\"https:\/\/support.apple.com\/en-in\/guide\/safari\/sfri11471\/mac\">istruzioni per Safari<\/a><\/li>\n  <li><a href=\"https:\/\/support.mozilla.org\/en-US\/kb\/clear-cookies-and-site-data-firefox?redirectslug=delete-cookies-remove-info-websites-stored&amp;redirectlocale=en-US\">istruzioni per Mozilla Firefox<\/a><\/li>\n  <li><a href=\"https:\/\/support.microsoft.com\/en-us\/topic\/how-to-delete-cookie-files-in-internet-explorer-bca9446f-d873-78de-77ba-d42645fa52fc\">istruzioni per Internet Explorer<\/a><\/li>\n<\/ul>\n<p>\n  Se utilizzi un browser diverso da quelli indicati, consulta la sezione di assistenza del sito ufficiale\n  del relativo produttore.\n<\/p>\n\n\n\n\n\n<p><strong>Come ti informiamo sulle modifiche a questa informativa?<\/strong><br>\nLa presente informativa \u00e8 soggetta a revisione periodica per adeguamento normativo o modifica dei servizi offerti tramite il sito. Ogni variazione significativa sar\u00e0 comunicata tramite questa pagina.<br>\n<span class=\"map_last_policy_revision_date\">Ultima revisione: Maggio 2, 2025<\/span><\/p>\n\n\n\n<!--googleon: all-->\n<\/div>\n\t\t\t\t\t\t<\/div>\n\t\t\t\t<\/div>\n\t\t\t\t\t<\/div>\n\t\t<\/div>\n\t\t\t\t\t<\/div>\n\t\t<\/section>\n\t\t\t\t<\/div>\n\t\t","protected":false},"excerpt":{"rendered":"","protected":false},"author":1,"featured_media":728,"parent":0,"menu_order":0,"comment_status":"closed","ping_status":"closed","template":"","meta":{"footnotes":""},"class_list":["post-106","page","type-page","status-publish","has-post-thumbnail","hentry"],"yoast_head":"<!-- This site is optimized with the Yoast SEO plugin v27.3 - https:\/\/yoast.com\/product\/yoast-seo-wordpress\/ -->\n<title>Autotrasporti Guandalini Veloce e Sicuro - Cookie Policy -<\/title>\n<meta name=\"description\" content=\"Guandalini Autotrasporti offre a te e alla tua azienda il modo pi\u00f9 sicuro e veloce per trasportare i tuoi materiali, chiama per un preventivo\" \/>\n<meta name=\"robots\" content=\"noindex, nofollow\" \/>\n<meta property=\"og:locale\" content=\"it_IT\" \/>\n<meta property=\"og:type\" content=\"article\" \/>\n<meta property=\"og:title\" content=\"Autotrasporti Guandalini Veloce e Sicuro - Cookie Policy -\" \/>\n<meta property=\"og:description\" content=\"Guandalini Autotrasporti offre a te e alla tua azienda il modo pi\u00f9 sicuro e veloce per trasportare i tuoi materiali, chiama per un preventivo\" \/>\n<meta property=\"og:url\" content=\"https:\/\/guandalinitrasporti.it\/?page_id=106\" \/>\n<meta property=\"og:site_name\" content=\"Autotrasporti Guandalini\" \/>\n<meta property=\"article:modified_time\" content=\"2025-04-16T14:24:58+00:00\" \/>\n<meta property=\"og:image\" content=\"https:\/\/guandalinitrasporti.it\/wp-content\/uploads\/2022\/09\/cropped-LOGO-2-1.webp\" \/>\n\t<meta property=\"og:image:width\" content=\"512\" \/>\n\t<meta property=\"og:image:height\" content=\"512\" \/>\n\t<meta property=\"og:image:type\" content=\"image\/webp\" \/>\n<meta name=\"twitter:card\" content=\"summary_large_image\" \/>\n<script type=\"application\/ld+json\" class=\"yoast-schema-graph\">{\"@context\":\"https:\\\/\\\/schema.org\",\"@graph\":[{\"@type\":\"WebPage\",\"@id\":\"https:\\\/\\\/guandalinitrasporti.it\\\/?page_id=106\",\"url\":\"https:\\\/\\\/guandalinitrasporti.it\\\/?page_id=106\",\"name\":\"Autotrasporti Guandalini Veloce e Sicuro - Cookie Policy -\",\"isPartOf\":{\"@id\":\"https:\\\/\\\/guandalinitrasporti.it\\\/#website\"},\"primaryImageOfPage\":{\"@id\":\"https:\\\/\\\/guandalinitrasporti.it\\\/?page_id=106#primaryimage\"},\"image\":{\"@id\":\"https:\\\/\\\/guandalinitrasporti.it\\\/?page_id=106#primaryimage\"},\"thumbnailUrl\":\"https:\\\/\\\/guandalinitrasporti.it\\\/wp-content\\\/uploads\\\/2022\\\/09\\\/cropped-LOGO-2-1.webp\",\"datePublished\":\"2020-11-15T20:51:20+00:00\",\"dateModified\":\"2025-04-16T14:24:58+00:00\",\"description\":\"Guandalini Autotrasporti offre a te e alla tua azienda il modo pi\u00f9 sicuro e veloce per trasportare i tuoi materiali, chiama per un preventivo\",\"breadcrumb\":{\"@id\":\"https:\\\/\\\/guandalinitrasporti.it\\\/?page_id=106#breadcrumb\"},\"inLanguage\":\"it-IT\",\"potentialAction\":[{\"@type\":\"ReadAction\",\"target\":[\"https:\\\/\\\/guandalinitrasporti.it\\\/?page_id=106\"]}]},{\"@type\":\"ImageObject\",\"inLanguage\":\"it-IT\",\"@id\":\"https:\\\/\\\/guandalinitrasporti.it\\\/?page_id=106#primaryimage\",\"url\":\"https:\\\/\\\/guandalinitrasporti.it\\\/wp-content\\\/uploads\\\/2022\\\/09\\\/cropped-LOGO-2-1.webp\",\"contentUrl\":\"https:\\\/\\\/guandalinitrasporti.it\\\/wp-content\\\/uploads\\\/2022\\\/09\\\/cropped-LOGO-2-1.webp\",\"width\":512,\"height\":512},{\"@type\":\"BreadcrumbList\",\"@id\":\"https:\\\/\\\/guandalinitrasporti.it\\\/?page_id=106#breadcrumb\",\"itemListElement\":[{\"@type\":\"ListItem\",\"position\":1,\"name\":\"Home\",\"item\":\"https:\\\/\\\/guandalinitrasporti.it\\\/\"},{\"@type\":\"ListItem\",\"position\":2,\"name\":\"Cookie Policy\"}]},{\"@type\":\"WebSite\",\"@id\":\"https:\\\/\\\/guandalinitrasporti.it\\\/#website\",\"url\":\"https:\\\/\\\/guandalinitrasporti.it\\\/\",\"name\":\"Autotrasporti Guandalini\",\"description\":\"Trasporti su strada rapidi e sicuri\",\"publisher\":{\"@id\":\"https:\\\/\\\/guandalinitrasporti.it\\\/#organization\"},\"potentialAction\":[{\"@type\":\"SearchAction\",\"target\":{\"@type\":\"EntryPoint\",\"urlTemplate\":\"https:\\\/\\\/guandalinitrasporti.it\\\/?s={search_term_string}\"},\"query-input\":{\"@type\":\"PropertyValueSpecification\",\"valueRequired\":true,\"valueName\":\"search_term_string\"}}],\"inLanguage\":\"it-IT\"},{\"@type\":\"Organization\",\"@id\":\"https:\\\/\\\/guandalinitrasporti.it\\\/#organization\",\"name\":\"Autotrasporti Guandalini\",\"url\":\"https:\\\/\\\/guandalinitrasporti.it\\\/\",\"logo\":{\"@type\":\"ImageObject\",\"inLanguage\":\"it-IT\",\"@id\":\"https:\\\/\\\/guandalinitrasporti.it\\\/#\\\/schema\\\/logo\\\/image\\\/\",\"url\":\"https:\\\/\\\/guandalinitrasporti.it\\\/wp-content\\\/uploads\\\/2020\\\/11\\\/cropped-logo-2.png\",\"contentUrl\":\"https:\\\/\\\/guandalinitrasporti.it\\\/wp-content\\\/uploads\\\/2020\\\/11\\\/cropped-logo-2.png\",\"width\":220,\"height\":124,\"caption\":\"Autotrasporti Guandalini\"},\"image\":{\"@id\":\"https:\\\/\\\/guandalinitrasporti.it\\\/#\\\/schema\\\/logo\\\/image\\\/\"}}]}<\/script>\n<!-- \/ Yoast SEO plugin. -->","yoast_head_json":{"title":"Autotrasporti Guandalini Veloce e Sicuro - Cookie Policy -","description":"Guandalini Autotrasporti offre a te e alla tua azienda il modo pi\u00f9 sicuro e veloce per trasportare i tuoi materiali, chiama per un preventivo","robots":{"index":"noindex","follow":"nofollow"},"og_locale":"it_IT","og_type":"article","og_title":"Autotrasporti Guandalini Veloce e Sicuro - Cookie Policy -","og_description":"Guandalini Autotrasporti offre a te e alla tua azienda il modo pi\u00f9 sicuro e veloce per trasportare i tuoi materiali, chiama per un preventivo","og_url":"https:\/\/guandalinitrasporti.it\/?page_id=106","og_site_name":"Autotrasporti Guandalini","article_modified_time":"2025-04-16T14:24:58+00:00","og_image":[{"width":512,"height":512,"url":"https:\/\/guandalinitrasporti.it\/wp-content\/uploads\/2022\/09\/cropped-LOGO-2-1.webp","type":"image\/webp"}],"twitter_card":"summary_large_image","schema":{"@context":"https:\/\/schema.org","@graph":[{"@type":"WebPage","@id":"https:\/\/guandalinitrasporti.it\/?page_id=106","url":"https:\/\/guandalinitrasporti.it\/?page_id=106","name":"Autotrasporti Guandalini Veloce e Sicuro - Cookie Policy -","isPartOf":{"@id":"https:\/\/guandalinitrasporti.it\/#website"},"primaryImageOfPage":{"@id":"https:\/\/guandalinitrasporti.it\/?page_id=106#primaryimage"},"image":{"@id":"https:\/\/guandalinitrasporti.it\/?page_id=106#primaryimage"},"thumbnailUrl":"https:\/\/guandalinitrasporti.it\/wp-content\/uploads\/2022\/09\/cropped-LOGO-2-1.webp","datePublished":"2020-11-15T20:51:20+00:00","dateModified":"2025-04-16T14:24:58+00:00","description":"Guandalini Autotrasporti offre a te e alla tua azienda il modo pi\u00f9 sicuro e veloce per trasportare i tuoi materiali, chiama per un preventivo","breadcrumb":{"@id":"https:\/\/guandalinitrasporti.it\/?page_id=106#breadcrumb"},"inLanguage":"it-IT","potentialAction":[{"@type":"ReadAction","target":["https:\/\/guandalinitrasporti.it\/?page_id=106"]}]},{"@type":"ImageObject","inLanguage":"it-IT","@id":"https:\/\/guandalinitrasporti.it\/?page_id=106#primaryimage","url":"https:\/\/guandalinitrasporti.it\/wp-content\/uploads\/2022\/09\/cropped-LOGO-2-1.webp","contentUrl":"https:\/\/guandalinitrasporti.it\/wp-content\/uploads\/2022\/09\/cropped-LOGO-2-1.webp","width":512,"height":512},{"@type":"BreadcrumbList","@id":"https:\/\/guandalinitrasporti.it\/?page_id=106#breadcrumb","itemListElement":[{"@type":"ListItem","position":1,"name":"Home","item":"https:\/\/guandalinitrasporti.it\/"},{"@type":"ListItem","position":2,"name":"Cookie Policy"}]},{"@type":"WebSite","@id":"https:\/\/guandalinitrasporti.it\/#website","url":"https:\/\/guandalinitrasporti.it\/","name":"Autotrasporti Guandalini","description":"Trasporti su strada rapidi e sicuri","publisher":{"@id":"https:\/\/guandalinitrasporti.it\/#organization"},"potentialAction":[{"@type":"SearchAction","target":{"@type":"EntryPoint","urlTemplate":"https:\/\/guandalinitrasporti.it\/?s={search_term_string}"},"query-input":{"@type":"PropertyValueSpecification","valueRequired":true,"valueName":"search_term_string"}}],"inLanguage":"it-IT"},{"@type":"Organization","@id":"https:\/\/guandalinitrasporti.it\/#organization","name":"Autotrasporti Guandalini","url":"https:\/\/guandalinitrasporti.it\/","logo":{"@type":"ImageObject","inLanguage":"it-IT","@id":"https:\/\/guandalinitrasporti.it\/#\/schema\/logo\/image\/","url":"https:\/\/guandalinitrasporti.it\/wp-content\/uploads\/2020\/11\/cropped-logo-2.png","contentUrl":"https:\/\/guandalinitrasporti.it\/wp-content\/uploads\/2020\/11\/cropped-logo-2.png","width":220,"height":124,"caption":"Autotrasporti Guandalini"},"image":{"@id":"https:\/\/guandalinitrasporti.it\/#\/schema\/logo\/image\/"}}]}},"_links":{"self":[{"href":"https:\/\/guandalinitrasporti.it\/index.php?rest_route=\/wp\/v2\/pages\/106","targetHints":{"allow":["GET"]}}],"collection":[{"href":"https:\/\/guandalinitrasporti.it\/index.php?rest_route=\/wp\/v2\/pages"}],"about":[{"href":"https:\/\/guandalinitrasporti.it\/index.php?rest_route=\/wp\/v2\/types\/page"}],"author":[{"embeddable":true,"href":"https:\/\/guandalinitrasporti.it\/index.php?rest_route=\/wp\/v2\/users\/1"}],"replies":[{"embeddable":true,"href":"https:\/\/guandalinitrasporti.it\/index.php?rest_route=%2Fwp%2Fv2%2Fcomments&post=106"}],"version-history":[{"count":12,"href":"https:\/\/guandalinitrasporti.it\/index.php?rest_route=\/wp\/v2\/pages\/106\/revisions"}],"predecessor-version":[{"id":934,"href":"https:\/\/guandalinitrasporti.it\/index.php?rest_route=\/wp\/v2\/pages\/106\/revisions\/934"}],"wp:featuredmedia":[{"embeddable":true,"href":"https:\/\/guandalinitrasporti.it\/index.php?rest_route=\/wp\/v2\/media\/728"}],"wp:attachment":[{"href":"https:\/\/guandalinitrasporti.it\/index.php?rest_route=%2Fwp%2Fv2%2Fmedia&parent=106"}],"curies":[{"name":"wp","href":"https:\/\/api.w.org\/{rel}","templated":true}]}}